{"id":5119,"date":"2023-04-10T17:15:52","date_gmt":"2023-04-10T23:15:52","guid":{"rendered":"https:\/\/laparanera.com\/?page_id=5119"},"modified":"2026-01-28T18:20:55","modified_gmt":"2026-01-29T00:20:55","slug":"restaurante-menu","status":"publish","type":"page","link":"https:\/\/laparanera.com\/eng\/restaurante-menu\/","title":{"rendered":"Men\u00fa Cuaxiote | La Paranera"},"content":{"rendered":"<div data-elementor-type=\"wp-page\" data-elementor-id=\"5119\" class=\"elementor elementor-5119\" data-elementor-post-type=\"page\">\n\t\t\t\t\t\t<section class=\"elementor-section elementor-top-section elementor-element elementor-element-0364d70 elementor-section-full_width elementor-section-height-full elementor-section-content-middle elementor-section-height-default elementor-section-items-middle wpr-particle-no wpr-jarallax-no wpr-parallax-no wpr-sticky-section-no\" data-id=\"0364d70\" data-element_type=\"section\" data-settings=\"{&quot;background_background&quot;:&quot;classic&quot;}\">\n\t\t\t\t\t\t<div class=\"elementor-container elementor-column-gap-default\">\n\t\t\t\t\t<div class=\"elementor-column elementor-col-100 elementor-top-column elementor-element elementor-element-03f9dfc\" data-id=\"03f9dfc\" data-element_type=\"column\">\n\t\t\t<div class=\"elementor-widget-wrap elementor-element-populated\">\n\t\t\t\t\t\t<div class=\"elementor-element elementor-element-6dcf957 elementor-widget elementor-widget-image\" data-id=\"6dcf957\" data-element_type=\"widget\" data-widget_type=\"image.default\">\n\t\t\t\t<div class=\"elementor-widget-container\">\n\t\t\t\t\t\t\t\t\t\t\t\t\t\t<a href=\"\/eng\/restaurante\/\">\n\t\t\t\t\t\t\t<img decoding=\"async\" width=\"170\" height=\"247\" src=\"https:\/\/laparanera.com\/wp-content\/uploads\/2024\/03\/logo-cuaxiote2.png\" class=\"attachment-full size-full wp-image-8226\" alt=\"\" \/>\t\t\t\t\t\t\t\t<\/a>\n\t\t\t\t\t\t\t\t\t\t\t\t\t<\/div>\n\t\t\t\t<\/div>\n\t\t\t\t<div class=\"elementor-element elementor-element-9a747d2 elementor-align-justify elementor-widget elementor-widget-button\" data-id=\"9a747d2\" data-element_type=\"widget\" data-widget_type=\"button.default\">\n\t\t\t\t<div class=\"elementor-widget-container\">\n\t\t\t\t\t<div class=\"elementor-button-wrapper\">\n\t\t\t<a class=\"elementor-button elementor-button-link elementor-size-sm\" href=\"https:\/\/laparanera.com\/wp-content\/uploads\/2023\/04\/MENU-BEBIDAS-CUAXIOTE-2022.pdf\" target=\"_blank\">\n\t\t\t\t\t\t<span class=\"elementor-button-content-wrapper\">\n\t\t\t\t\t\t\t\t\t<span class=\"elementor-button-text\">Menu: <b>drinks<\/b><\/span>\n\t\t\t\t\t<\/span>\n\t\t\t\t\t<\/a>\n\t\t<\/div>\n\t\t\t\t<\/div>\n\t\t\t\t<\/div>\n\t\t\t\t<div class=\"elementor-element elementor-element-a29bd3e elementor-align-justify elementor-widget elementor-widget-button\" data-id=\"a29bd3e\" data-element_type=\"widget\" data-widget_type=\"button.default\">\n\t\t\t\t<div class=\"elementor-widget-container\">\n\t\t\t\t\t<div class=\"elementor-button-wrapper\">\n\t\t\t<a class=\"elementor-button elementor-button-link elementor-size-sm\" href=\"https:\/\/drive.google.com\/file\/d\/1AtD35onZb3a6JsPi8l-XHf5W5lgRStcR\/view\" target=\"_blank\">\n\t\t\t\t\t\t<span class=\"elementor-button-content-wrapper\">\n\t\t\t\t\t\t\t\t\t<span class=\"elementor-button-text\">Menu: <b>breakfast<\/b><\/span>\n\t\t\t\t\t<\/span>\n\t\t\t\t\t<\/a>\n\t\t<\/div>\n\t\t\t\t<\/div>\n\t\t\t\t<\/div>\n\t\t\t\t<div class=\"elementor-element elementor-element-d98d96e elementor-align-justify elementor-widget elementor-widget-button\" data-id=\"d98d96e\" data-element_type=\"widget\" data-widget_type=\"button.default\">\n\t\t\t\t<div class=\"elementor-widget-container\">\n\t\t\t\t\t<div class=\"elementor-button-wrapper\">\n\t\t\t<a class=\"elementor-button elementor-button-link elementor-size-sm\" href=\"https:\/\/drive.google.com\/file\/d\/1od2UtmtxpzExdXleGJQcGa4-iMidVpRw\/view\" target=\"_blank\">\n\t\t\t\t\t\t<span class=\"elementor-button-content-wrapper\">\n\t\t\t\t\t\t\t\t\t<span class=\"elementor-button-text\">Menu: <b>lunch and dinner<\/b><\/span>\n\t\t\t\t\t<\/span>\n\t\t\t\t\t<\/a>\n\t\t<\/div>\n\t\t\t\t<\/div>\n\t\t\t\t<\/div>\n\t\t\t\t\t<\/div>\n\t\t<\/div>\n\t\t\t\t\t<\/div>\n\t\t<\/section>\n\t\t\t\t<\/div>","protected":false},"excerpt":{"rendered":"<p>Men\u00fa bebidas Men\u00fa desayunos Men\u00fa comidas y cenas<\/p>","protected":false},"author":5,"featured_media":0,"parent":0,"menu_order":0,"comment_status":"closed","ping_status":"closed","template":"elementor_canvas","meta":{"footnotes":""},"_links":{"self":[{"href":"https:\/\/laparanera.com\/eng\/wp-json\/wp\/v2\/pages\/5119"}],"collection":[{"href":"https:\/\/laparanera.com\/eng\/wp-json\/wp\/v2\/pages"}],"about":[{"href":"https:\/\/laparanera.com\/eng\/wp-json\/wp\/v2\/types\/page"}],"author":[{"embeddable":true,"href":"https:\/\/laparanera.com\/eng\/wp-json\/wp\/v2\/users\/5"}],"replies":[{"embeddable":true,"href":"https:\/\/laparanera.com\/eng\/wp-json\/wp\/v2\/comments?post=5119"}],"version-history":[{"count":56,"href":"https:\/\/laparanera.com\/eng\/wp-json\/wp\/v2\/pages\/5119\/revisions"}],"predecessor-version":[{"id":8993,"href":"https:\/\/laparanera.com\/eng\/wp-json\/wp\/v2\/pages\/5119\/revisions\/8993"}],"wp:attachment":[{"href":"https:\/\/laparanera.com\/eng\/wp-json\/wp\/v2\/media?parent=5119"}],"curies":[{"name":"wp","href":"https:\/\/api.w.org\/{rel}","templated":true}]}}